{"id":744,"date":"2023-03-16T12:47:44","date_gmt":"2023-03-16T15:47:44","guid":{"rendered":"https:\/\/SITEURL\/home-page\/"},"modified":"2023-08-28T16:11:10","modified_gmt":"2023-08-28T16:11:10","slug":"home-page","status":"publish","type":"page","link":"https:\/\/www.greenschoolsns.ca\/fr\/","title":{"rendered":"Home page"},"content":{"rendered":"\n\n\t<section id=\"block_c1ea1f00447cf898284d2863829e7ee1\" class=\"intro-text-section\" aria-labelledby=\"block_c1ea1f00447cf898284d2863829e7ee1-title\">\n\t\t\t\t\t<h2 class=\"section-title\" id=\"block_c1ea1f00447cf898284d2863829e7ee1-title\">Faisons quelque chose de g\u00e9nial!<\/h2>\n\t\t\n\t\t\t\t\t<div class=\"text-holder\">\n\t\t\t\t<p>Bienvenue aux \u00c9coles vertes N.-\u00c9. Nous unissons les communaut\u00e9s scolaires qui ont pour m\u00eame objectif d\u2019adopter des habitudes de consommation \u00e9co-\u00e9nerg\u00e9tiques vers un d\u00e9veloppement durable.\u200b<\/p>\n\t\t\t\t\t\t\t\t\t<div class=\"button-holder\">\n\t\t\t\t\t\t<a class=\"btn\" href=\"https:\/\/greenschools.arrdev.ca\/fr\/get-in-touch\/\" target=\"_self\">Joindre le mouvement des \u00e9coles vertes<\/a>\t\t\t\t\t<\/div>\n\t\t\t\t\t\t\t<\/div>\n\t\t\n\t<\/section>\n\n\n\n\n\t<section id=\"block_bb50c3388a64a445a86dc79f9bb36523\" class=\"stats-banner-section\" style=\"background-image:url('https:\/\/ens-green-schools-ns-prod-offload-647701102377-ca-central-1.s3.ca-central-1.amazonaws.com\/wp-content\/uploads\/2023\/03\/24162126\/Question-background-1920x675.jpg');\">\n\t\t<div class=\"row\">\n\t\t\t\t\t\t\t<div class=\"col text-holder\">\n\t\t\t\t\t<p>Les \u00c9coles vertes de la Nouvelle-\u00c9cosse font que chaque jour devienne un peu plus vert. Des classes vertes \u00e0 travers la province font une v\u00e9ritable diff\u00e9rence dans leurs \u00e9coles, leurs foyers et leurs communaut\u00e9s!<\/p>\n\t\t\t\t<\/div>\n\t\t\t\n\t\t\t\t\t\t\t<div class=\"col stats-boxes-holder\">\n\t\t\t\t\t<div class=\"stats-boxes\">\n\t\t\t\t\t\t\t\t\t\t\t\t\t\t\t\t\t\t\t\t\t\t\t\t\t\t\t\t<div class=\"stat-box\">\n\t\t\t\t\t\t\t\t\t\t\t\t\t\t\t\t\t\t\t<div class=\"number\">371<\/div>\n\t\t\t\t\t\t\t\t\t\n\t\t\t\t\t\t\t\t\t\t\t\t\t\t\t\t\t\t\t<h3>\u00c9coles<\/h3>\n\t\t\t\t\t\t\t\t\t\n\t\t\t\t\t\t\t\t\t\t\t\t\t\t\t\t\t\t\t<div class=\"description\">\n\t\t\t\t\t\t\t\t\t\t\tFont parti du mouvement des \u00c9coles vertes!\t\t\t\t\t\t\t\t\t\t<\/div>\n\t\t\t\t\t\t\t\t\t\n\t\t\t\t\t\t\t\t<\/div>\n\t\t\t\t\t\t\t\n\t\t\t\t\t\t\t\t\t\t\t\t\t\t\t\t\t\t\t\t\t\t\t\t\t\t\t\t<div class=\"stat-box\">\n\t\t\t\t\t\t\t\t\t\t\t\t\t\t\t\t\t\t\t<div class=\"number\">34,000<\/div>\n\t\t\t\t\t\t\t\t\t\n\t\t\t\t\t\t\t\t\t\t\t\t\t\t\t\t\t\t\t<h3>\u00c9TUDIANTS<\/h3>\n\t\t\t\t\t\t\t\t\t\n\t\t\t\t\t\t\t\t\t\t\t\t\t\t\t\t\t\t\t<div class=\"description\">\n\t\t\t\t\t\t\t\t\t\t\tApprendre l&#8217;efficacit\u00e9 \u00e9nerg\u00e9tique !\t\t\t\t\t\t\t\t\t\t<\/div>\n\t\t\t\t\t\t\t\t\t\n\t\t\t\t\t\t\t\t<\/div>\n\t\t\t\t\t\t\t\n\t\t\t\t\t\t\n\t\t\t\t\t<\/div>\n\t\t\t\t<\/div>\n\t\t\t\n\t\t<\/div>\n\n\t<\/section>\n\n\n\n<div class=\"wp-block-columns is-layout-flex wp-container-core-columns-is-layout-9d6595d7 wp-block-columns-is-layout-flex\">\n<div class=\"wp-block-column is-layout-flow wp-block-column-is-layout-flow\">\n\n\t<section id=\"block_71b30934437c6a07c17ca5df35c5070c\" class=\"latest-news-section\" aria-labelledby=\"block_71b30934437c6a07c17ca5df35c5070c-title\">\n\t\t\t\t\t<h2 class=\"section-title\" id=\"block_71b30934437c6a07c17ca5df35c5070c-title\">\n\t\t\t\t<a href=\"https:\/\/greenschools.arrdev.ca\/fr\/les-histoires-des-ecoles-vertes\/\">\t\t\t\tHISTOIRES DES \u00c9COLES VERTES\t\t\t\t<\/a>\t\t\t<\/h2>\n\t\t\n\t\t<div class=\"news-wrapper\">\n\t\t\t\t\t\t\t<article class=\"news-item\">\n\t\t\t\t\t<div class=\"title-holder\">\n\t\t\t\t\t\t<h3><a href=\"https:\/\/www.greenschoolsns.ca\/fr\/2023\/02\/lecole-nda-ouvre-la-voie-en-tant-que-green-heroes\/\">L&#8217;\u00c9cole NDA ouvre la voie en tant que Green Heroes !<\/a><\/h3>\n\t\t\t\t\t\t<time datetime=\"2023-02-06\">\n\t\t\t\t\t\t\tFebruary 06|23\t\t\t\t\t\t<\/time>\n\t\t\t\t\t<\/div>\n\t\t\t\t\t\t\t\t\t\t<div class=\"text-holder\">\n\t\t\t\t\t\t<p>Cet automne, Sandford &#8211; notre Agent d&#8217;engagement bilingue &#8211; a eu le plaisir de visiter l&#8217;\u00e9cole NDA \u00e0 Ch\u00e9ticamp pour discuter avec les \u00e9l\u00e8ves de l&#8217;\u00e9nergie en Nouvelle-\u00c9cosse. Pendant sa&#8230;<\/p>\n\t\t\t\t\t\t<a href=\"https:\/\/www.greenschoolsns.ca\/fr\/2023\/02\/lecole-nda-ouvre-la-voie-en-tant-que-green-heroes\/\" class=\"read-more\">Read More<\/a>\n\t\t\t\t\t<\/div>\n\t\t\t\t<\/article>\n\t\t\t\t\t<\/div>\n\n\t<\/section>\n<\/div>\n\n\n\n<div class=\"wp-block-column is-layout-flow wp-block-column-is-layout-flow\">\n\n\t<section id=\"block_6e88980d6fa2ae5b50d27b3bc330aedf\" class=\"latest-news-section\" aria-labelledby=\"block_6e88980d6fa2ae5b50d27b3bc330aedf-title\">\n\t\t\t\t\t<h2 class=\"section-title\" id=\"block_6e88980d6fa2ae5b50d27b3bc330aedf-title\">\n\t\t\t\t<a href=\"https:\/\/greenschools.arrdev.ca\/fr\/nouvelles\/\">\t\t\t\tNouvelles Vertes\t\t\t\t<\/a>\t\t\t<\/h2>\n\t\t\n\t\t<div class=\"news-wrapper\">\n\t\t\t\t\t\t\t<article class=\"news-item\">\n\t\t\t\t\t<div class=\"title-holder\">\n\t\t\t\t\t\t<h3><a href=\"https:\/\/www.greenschoolsns.ca\/fr\/2019\/07\/un-etudiant-de-lecole-du-sommet-a-realise-un-projet-sur-notre-eo\/\">Un \u00e9tudiant de l&#8217;Ecole du Sommet a r\u00e9alis\u00e9 un projet sur notre EO<\/a><\/h3>\n\t\t\t\t\t\t<time datetime=\"2019-07-03\">\n\t\t\t\t\t\t\tJuly 03|19\t\t\t\t\t\t<\/time>\n\t\t\t\t\t<\/div>\n\t\t\t\t\t\t\t\t\t\t\t<a class=\"image-holder\" href=\"https:\/\/www.greenschoolsns.ca\/fr\/2019\/07\/un-etudiant-de-lecole-du-sommet-a-realise-un-projet-sur-notre-eo\/\">\n\t\t\t\t\t\t\t<img loading=\"lazy\" decoding=\"async\" width=\"162\" height=\"216\" src=\"https:\/\/ens-green-schools-ns-prod-offload-647701102377-ca-central-1.s3.ca-central-1.amazonaws.com\/wp-content\/uploads\/2023\/04\/30184239\/img_4603_1-1-scaled.jpeg\" class=\"attachment-latest_news_thumbnail size-latest_news_thumbnail wp-post-image\" alt=\"\" srcset=\"https:\/\/ens-green-schools-ns-prod-offload-647701102377-ca-central-1.s3.ca-central-1.amazonaws.com\/wp-content\/uploads\/2023\/04\/30184239\/img_4603_1-1-scaled.jpeg 162w, https:\/\/ens-green-schools-ns-prod-offload-647701102377-ca-central-1.s3.ca-central-1.amazonaws.com\/wp-content\/uploads\/2023\/04\/30184239\/img_4603_1-1-scaled.jpeg 225w, https:\/\/ens-green-schools-ns-prod-offload-647701102377-ca-central-1.s3.ca-central-1.amazonaws.com\/wp-content\/uploads\/2023\/04\/30184239\/img_4603_1-1-scaled.jpeg 768w, https:\/\/ens-green-schools-ns-prod-offload-647701102377-ca-central-1.s3.ca-central-1.amazonaws.com\/wp-content\/uploads\/2023\/04\/30184239\/img_4603_1-1-scaled.jpeg 1152w, https:\/\/ens-green-schools-ns-prod-offload-647701102377-ca-central-1.s3.ca-central-1.amazonaws.com\/wp-content\/uploads\/2023\/04\/30184239\/img_4603_1-1-1536x2048.jpeg 1536w, https:\/\/ens-green-schools-ns-prod-offload-647701102377-ca-central-1.s3.ca-central-1.amazonaws.com\/wp-content\/uploads\/2023\/04\/30184239\/img_4603_1-1-scaled.jpeg 1920w, https:\/\/ens-green-schools-ns-prod-offload-647701102377-ca-central-1.s3.ca-central-1.amazonaws.com\/wp-content\/uploads\/2023\/04\/30184239\/img_4603_1-1-scaled.jpeg 296w\" sizes=\"auto, (max-width: 162px) 100vw, 162px\" \/>\t\t\t\t\t\t<\/a>\n\t\t\t\t\t\t\t\t\t\t<div class=\"text-holder\">\n\t\t\t\t\t\t<p>Le 28 mars, j&#8217;ai visit\u00e9 l&#8217;\u00c9cole du Sommet. J&#8217;ai rendu visite \u00e0 des \u00e9l\u00e8ves qui sont des v\u00e9t\u00e9rans des \u00c9coles vertes, ce qui signifie qu&#8217;ils ma\u00eetrisaient parfaitement l&#8217;\u00e9nergie et l&#8217;efficacit\u00e9&#8230;<\/p>\n\t\t\t\t\t\t<a href=\"https:\/\/www.greenschoolsns.ca\/fr\/2019\/07\/un-etudiant-de-lecole-du-sommet-a-realise-un-projet-sur-notre-eo\/\" class=\"read-more\">Read More<\/a>\n\t\t\t\t\t<\/div>\n\t\t\t\t<\/article>\n\t\t\t\t\t<\/div>\n\n\t<\/section>\n<\/div>\n<\/div>\n\n\n\n\n\t<section id=\"block_80969c2ef437f0d6c8cfe8285be0b3e6\" class=\"challenge-banner-section\" aria-labelledby=\"block_80969c2ef437f0d6c8cfe8285be0b3e6-title\">\n\t\t\t\t\t<h2 class=\"section-title\" id=\"block_80969c2ef437f0d6c8cfe8285be0b3e6-title\">\n\t\t\t\t<a href=\"https:\/\/www.greenschoolsns.ca\/fr\/nous-joindre\" target=\"_blank\">\t\t\t\tR\u00e9server un webinaire\t\t\t\t<\/a>\t\t\t<\/h2>\n\t\t\n\t\t\t\t\t<div class=\"image-holder\">\n\t\t\t\t<a href=\"https:\/\/www.greenschoolsns.ca\/fr\/nous-joindre\" target=\"_blank\">\t\t\t\t<img loading=\"lazy\" decoding=\"async\" width=\"900\" height=\"600\" src=\"https:\/\/ens-green-schools-ns-prod-offload-647701102377-ca-central-1.s3.ca-central-1.amazonaws.com\/wp-content\/uploads\/2023\/04\/30184239\/79534164_3230473010360430_2332047175917240320_o_0.jpg\" class=\"attachment-large size-large\" alt=\"\" srcset=\"https:\/\/ens-green-schools-ns-prod-offload-647701102377-ca-central-1.s3.ca-central-1.amazonaws.com\/wp-content\/uploads\/2023\/04\/30184239\/79534164_3230473010360430_2332047175917240320_o_0.jpg 1024w, https:\/\/ens-green-schools-ns-prod-offload-647701102377-ca-central-1.s3.ca-central-1.amazonaws.com\/wp-content\/uploads\/2023\/04\/30184239\/79534164_3230473010360430_2332047175917240320_o_0.jpg 300w, https:\/\/ens-green-schools-ns-prod-offload-647701102377-ca-central-1.s3.ca-central-1.amazonaws.com\/wp-content\/uploads\/2023\/04\/30184239\/79534164_3230473010360430_2332047175917240320_o_0.jpg 768w, https:\/\/ens-green-schools-ns-prod-offload-647701102377-ca-central-1.s3.ca-central-1.amazonaws.com\/wp-content\/uploads\/2023\/04\/30184239\/79534164_3230473010360430_2332047175917240320_o_0.jpg 1536w, https:\/\/ens-green-schools-ns-prod-offload-647701102377-ca-central-1.s3.ca-central-1.amazonaws.com\/wp-content\/uploads\/2023\/04\/30184239\/79534164_3230473010360430_2332047175917240320_o_0.jpg 1920w, https:\/\/ens-green-schools-ns-prod-offload-647701102377-ca-central-1.s3.ca-central-1.amazonaws.com\/wp-content\/uploads\/2023\/04\/30184239\/79534164_3230473010360430_2332047175917240320_o_0.jpg 162w, https:\/\/ens-green-schools-ns-prod-offload-647701102377-ca-central-1.s3.ca-central-1.amazonaws.com\/wp-content\/uploads\/2023\/04\/30184239\/79534164_3230473010360430_2332047175917240320_o_0.jpg 296w, https:\/\/ens-green-schools-ns-prod-offload-647701102377-ca-central-1.s3.ca-central-1.amazonaws.com\/wp-content\/uploads\/2023\/04\/30184239\/79534164_3230473010360430_2332047175917240320_o_0.jpg 2000w\" sizes=\"auto, (max-width: 900px) 100vw, 900px\" \/>\t\t\t\t<\/a>\t\t\t<\/div>\n\t\t\n\t\t\t\t\t<div class=\"subtitle\">Faites-nous rejoindre votre classe virtuellement <\/div>\n\t\t\n\t<\/section>\n\n\n\n\n\t<section id=\"block_52fbcb3341d06aba8f2ca6348ec21d13\" class=\"featured-days-section\" aria-labelledby=\"block_52fbcb3341d06aba8f2ca6348ec21d13-title\">\n\t\t\t\t\t<h2 class=\"section-title\" id=\"block_52fbcb3341d06aba8f2ca6348ec21d13-title\">\n\t\t\t\t<a href=\"https:\/\/greenschools.arrdev.ca\/events\/\">\t\t\t\tJOURN\u00c9ES MISES EN VEDETTE\t\t\t\t<\/a>\t\t\t<\/h2>\n\t\t\n\t\t<div class=\"featured-days-wrapper row\">\n\t\t\t\t\t\t\t<div class=\"col\">\n\t\t\t\t\t\t\t\t\t\t<article class=\"featured-day-item\">\n\t\t\t\t\t\t<div class=\"text-holder\">\n\t\t\t\t\t\t\t\t\t\t\t\t\t\t\t<div class=\"dates\">\n\t\t\t\t\t\t\t\t\t<a href=\"https:\/\/www.careourearth.com\/zero-emissions-day\/\" target=\"_blank\">\t\t\t\t\t\t\t\t\tSeptember 21\t\t\t\t\t\t\t\t\t\t\t\t\t\t\t\t\t\t<\/a>\t\t\t\t\t\t\t\t<\/div>\n\t\t\t\t\t\t\t\t\t\t\t\t\t\t<h3>\n\t\t\t\t\t\t\t\t<a href=\"https:\/\/www.careourearth.com\/zero-emissions-day\/\" target=\"_blank\">\t\t\t\t\t\t\t\tZero Emissions Day\t\t\t\t\t\t\t\t<\/a>\t\t\t\t\t\t\t<\/h3>\n\t\t\t\t\t\t\t<p>Founded by a Nova Scotian activist, this day encourages the minimization of fossil fuel use and raises awareness about climate change.<\/p>\n\t\t\t\t\t\t<\/div>\n\t\t\t\t\t<\/article>\n\t\t\t\t<\/div>\n\t\t\t\t\t\t\t<div class=\"col\">\n\t\t\t\t\t\t\t\t\t\t<article class=\"featured-day-item\" style=\"background-image:url('https:\/\/ens-green-schools-ns-prod-offload-647701102377-ca-central-1.s3.ca-central-1.amazonaws.com\/wp-content\/uploads\/2023\/04\/30184240\/screen_shot_2019-10-18_at_3.46.29_pm-1024x694.png');\">\n\t\t\t\t\t\t<div class=\"text-holder\">\n\t\t\t\t\t\t\t\t\t\t\t\t\t\t\t<div class=\"dates\">\n\t\t\t\t\t\t\t\t\t<a href=\"http:\/\/wrwcanada.com\/fr\" target=\"_blank\">\t\t\t\t\t\t\t\t\tOctober 21\t\t\t\t\t\t\t\t\t\t\t\t\t\t\t\t\t\t\tto October 27\t\t\t\t\t\t\t\t\t\t\t\t\t\t\t\t\t\t<\/a>\t\t\t\t\t\t\t\t<\/div>\n\t\t\t\t\t\t\t\t\t\t\t\t\t\t<h3>\n\t\t\t\t\t\t\t\t<a href=\"http:\/\/wrwcanada.com\/fr\" target=\"_blank\">\t\t\t\t\t\t\t\tLa Semaine canadienne de r\u00e9duction des d\u00e9chets\t\t\t\t\t\t\t\t<\/a>\t\t\t\t\t\t\t<\/h3>\n\t\t\t\t\t\t\t<p>#WasteReductionWeek . #SCRDCanada<\/p>\n\t\t\t\t\t\t<\/div>\n\t\t\t\t\t<\/article>\n\t\t\t\t<\/div>\n\t\t\t\t\t<\/div>\n\n\t<\/section>\n\n\n\n<p><strong>Votre \u00e9cole n&#8217;est pas inscrite comme \u00c9cole verte? <\/strong>Nous sommes tout de m\u00eame pr\u00eats \u00e0 donner une pr\u00e9sentation sur l&#8217;efficacit\u00e9 \u00e9nerg\u00e9tique dans votre \u00e9cole! Il suffit de <a href=\"https:\/\/greenschools.arrdev.ca\/fr\/nous-joindre\/\" data-type=\"page\" data-id=\"751\">cliquer ici<\/a> et de nous signaler votre et de nous signaler votre int\u00e9r\u00eat.<\/p>\n","protected":false},"excerpt":{"rendered":"<p>Votre \u00e9cole n&#8217;est pas inscrite comme \u00c9cole verte? Nous sommes tout de m\u00eame pr\u00eats \u00e0 donner une pr\u00e9sentation sur l&#8217;efficacit\u00e9 \u00e9nerg\u00e9tique dans votre \u00e9cole! Il suffit de cliquer ici et&#8230;<\/p>\n","protected":false},"featured_media":10613,"parent":0,"menu_order":0,"comment_status":"closed","ping_status":"closed","template":"pages\/template-home.php","meta":{"_acf_changed":false,"inline_featured_image":false,"footnotes":""},"class_list":["post-744","page","type-page","status-publish","has-post-thumbnail","hentry"],"acf":[],"_links":{"self":[{"href":"https:\/\/www.greenschoolsns.ca\/fr\/wp-json\/wp\/v2\/pages\/744","targetHints":{"allow":["GET"]}}],"collection":[{"href":"https:\/\/www.greenschoolsns.ca\/fr\/wp-json\/wp\/v2\/pages"}],"about":[{"href":"https:\/\/www.greenschoolsns.ca\/fr\/wp-json\/wp\/v2\/types\/page"}],"author":[{"embeddable":true,"href":"https:\/\/www.greenschoolsns.ca\/fr\/wp-json\/wp\/v2\/users\/10"}],"replies":[{"embeddable":true,"href":"https:\/\/www.greenschoolsns.ca\/fr\/wp-json\/wp\/v2\/comments?post=744"}],"version-history":[{"count":30,"href":"https:\/\/www.greenschoolsns.ca\/fr\/wp-json\/wp\/v2\/pages\/744\/revisions"}],"predecessor-version":[{"id":8901,"href":"https:\/\/www.greenschoolsns.ca\/fr\/wp-json\/wp\/v2\/pages\/744\/revisions\/8901"}],"wp:featuredmedia":[{"embeddable":true,"href":"https:\/\/www.greenschoolsns.ca\/fr\/wp-json\/wp\/v2\/media\/10613"}],"wp:attachment":[{"href":"https:\/\/www.greenschoolsns.ca\/fr\/wp-json\/wp\/v2\/media?parent=744"}],"curies":[{"name":"wp","href":"https:\/\/api.w.org\/{rel}","templated":true}]}}