{"id":747,"date":"2023-03-16T13:02:11","date_gmt":"2023-03-16T16:02:11","guid":{"rendered":"https:\/\/SITEURL\/learn-about-us\/"},"modified":"2023-03-28T16:27:45","modified_gmt":"2023-03-28T16:27:45","slug":"a-propos-des-ecoles-vertes-de-la-n-e","status":"publish","type":"page","link":"https:\/\/www.greenschoolsns.ca\/fr\/a-propos-des-ecoles-vertes-de-la-n-e\/","title":{"rendered":"\u00c0 PROPOS DES \u00c9COLES VERTES DE LA N-\u00c9"},"content":{"rendered":"\n<p>\u00c9coles vertes de la N-\u00c9&nbsp;est une initiative captivante qui vous est propos\u00e9e par Efficiency Nova Scotia pour am\u00e9liorer la durabilit\u00e9 environnementale au sein des \u00e9coles. Ce programme gratuit contribue \u00e0 appuyer les \u00e9tudiants, les enseignants et l\u2019ensemble de la communaut\u00e9 scolaire alors qu\u2019ils apprennent \u00e0 gaspiller moins et \u00e0 adopter des comportement \u00e9co\u00e9nerg\u00e9tiques.<\/p>\n\n\n\n<p>R\u00e9duire notre consommation d&#8217;\u00e9nergie est la meilleure fa\u00e7on de lutter contre les changements climatiques et nous nous concentrons justement sur l&#8217;\u00e9nergie! En partant de cette base, notre programme couvre une gamme de pr\u00e9occupations environnementales qui inclut l&#8217;\u00e9nergie, les d\u00e9chets, l&#8217;eau, les transports, et la nourriture. Il existe 5 piliers dans le programme d\u2019\u00c9coles Vertes N-\u00c9: Se lancer dans l\u2019\u00e9nergie, Minimiser la production de d\u00e9chets, Utiliser l\u2019eau de fa\u00e7on responsable, Vivre et se d\u00e9placer de fa\u00e7on \u00e9cologique, et Appuyer les initiatives locales.<\/p>\n\n\n\n<p>Les agent(e)s d&#8217;engagement travaillent de concert avec les \u00e9tudiants, les enseignants et les communaut\u00e9s scolaires de la province en vue de renforcer les comportements durables qui aident notre Terre. &nbsp;Le programme appuie les efforts de la communaut\u00e9 \u00e0 r\u00e9duire leur consommation d\u2019\u00e9nergie de m\u00eame qu\u2019\u00e0 r\u00e9duire notre d\u00e9pendance \u00e0 l&#8217;\u00e9gard des combustibles fossiles.<\/p>\n\n\n\n<p>Gr\u00e2ce \u00e0 l&#8217;\u00e9ducation, aux ressources, aux pr\u00e9sentations et aux initiatives vertes li\u00e9es au curriculum, les membres de la communaut\u00e9 d\u2019\u00c9coles Vertes N-\u00c9&nbsp;peuvent en apprendre davantage sur leurs habitudes de consommation durable et comment gaspiller moins! &nbsp; &nbsp;<\/p>\n\n\n\n<p>L\u2019utilisation efficace des ressources et la prise de conscience de notre empreinte \u00e9cologique sont des comp\u00e9tences qui sont n\u00e9cessaires alors que la communaut\u00e9 mondiale s&#8217;unit pour lutter contre les changements climatiques.<\/p>\n\n\n\n\n\t<section id=\"block_fb31ea92922d3c1b600bb4fd8139f801\" class=\"team-members-section\" aria-labelledby=\"block_fb31ea92922d3c1b600bb4fd8139f801-title\">\n\t\t\t\t\t<h2 class=\"section-title\" id=\"block_fb31ea92922d3c1b600bb4fd8139f801-title\">Rencontrez notre \u00e9quipe<\/h2>\n\t\t\n\t\t<div class=\"team-members-boxes\">\n\t\t\t\t\t\t\t<div class=\"team-member-box\">\n\t\t\t\t\t<h3>Ruvi Mugara<\/h3>\t\t\t\t\t\t\t\t\t\t\t<div class=\"position\">DIRECTEUR DES PROJETS<\/div>\n\t\t\t\t\t\t\t\t\t\t\t\t\t\t\t\t<a href=\"mailto:&#114;uv&#105;&#64;gre&#101;nsc&#104;o&#111;&#108;sn&#115;&#46;c&#97;\" class=\"btn\">\n\t\t\t\t\t\t\t<i class=\"fa fa-envelope\"><\/i>\n\t\t\t\t\t\t\tEmail\t\t\t\t\t\t<\/a>\n\t\t\t\t\t\t\t\t\t\t<p><img loading=\"lazy\" decoding=\"async\" class=\"alignnone wp-image-7752\" src=\"https:\/\/ens-green-schools-ns-prod-offload-647701102377-ca-central-1.s3.ca-central-1.amazonaws.com\/wp-content\/uploads\/2023\/03\/29152700\/Ruvi-300x300.jpg\" alt=\"\" width=\"180\" height=\"180\" srcset=\"https:\/\/ens-green-schools-ns-prod-offload-647701102377-ca-central-1.s3.ca-central-1.amazonaws.com\/wp-content\/uploads\/2023\/03\/29152700\/Ruvi-300x300.jpg 300w, https:\/\/ens-green-schools-ns-prod-offload-647701102377-ca-central-1.s3.ca-central-1.amazonaws.com\/wp-content\/uploads\/2023\/03\/29152700\/Ruvi-150x150.jpg 150w, https:\/\/ens-green-schools-ns-prod-offload-647701102377-ca-central-1.s3.ca-central-1.amazonaws.com\/wp-content\/uploads\/2023\/03\/29152700\/Ruvi-162x162.jpg 162w, https:\/\/ens-green-schools-ns-prod-offload-647701102377-ca-central-1.s3.ca-central-1.amazonaws.com\/wp-content\/uploads\/2023\/03\/29152700\/Ruvi-296x296.jpg 296w, https:\/\/ens-green-schools-ns-prod-offload-647701102377-ca-central-1.s3.ca-central-1.amazonaws.com\/wp-content\/uploads\/2023\/03\/29152700\/Ruvi.jpg 643w\" sizes=\"auto, (max-width: 180px) 100vw, 180px\" \/><\/p>\n<p>Ruvi Mugara est n\u00e9e et a grandi dans le beau petit pays du Zimbabwe. Apr\u00e8s un jeu amusant de \u00abtourner le globe\u00bb qu&#8217;elle a jou\u00e9e avec sa famille \u00e0 l&#8217;\u00e2ge de 19 ans, elle a d\u00e9m\u00e9nag\u00e9 en Nouvelle-\u00c9cosse puis a \u00e9tudi\u00e9 la psychologie \u00e0 l&#8217;Universit\u00e9 Saint Mary&#8217;s. Durant son s\u00e9jour \u00e0 SMU, Ruvi a eu l&#8217;occasion de voyager \u00e0 Washington, DC pour effectuer une danse africaine lors du bal inaugural du pr\u00e9sident Barack Obama en 2009. Ruvi pense que tout peut \u00eatre recycl\u00e9 ou refait avec un peu d\u2019amour et du comp\u00e9tence bricolage. Dans ses temps libres, Ruvi aime enseigner la danse africaine aux enfants d\u2019\u00e2ges divers et aux volontaires de la communaut\u00e9. Elle a \u00e9galement une passion pour la cuisine et dans ses temps libres, elle aime pr\u00e9parer des plats sp\u00e9ciaux pour les plus d\u00e9munis.<\/p>\n\t\t\t\t<\/div>\n\t\t\t\t\t\t\t<div class=\"team-member-box\">\n\t\t\t\t\t<h3>Shandel Brown<\/h3>\t\t\t\t\t\t\t\t\t\t\t<div class=\"position\">GESTIONNAIRE DE PROGRAMME<\/div>\n\t\t\t\t\t\t\t\t\t\t\t\t\t\t\t\t<a href=\"mailto:s&#104;a&#110;&#100;e&#108;&#64;g&#114;e&#101;&#110;s&#99;&#104;&#111;o&#108;s&#110;s.&#99;a\" class=\"btn\">\n\t\t\t\t\t\t\t<i class=\"fa fa-envelope\"><\/i>\n\t\t\t\t\t\t\tEmail\t\t\t\t\t\t<\/a>\n\t\t\t\t\t\t\t\t\t\t<p><img loading=\"lazy\" decoding=\"async\" class=\"wp-image-7756 alignnone\" src=\"https:\/\/ens-green-schools-ns-prod-offload-647701102377-ca-central-1.s3.ca-central-1.amazonaws.com\/wp-content\/uploads\/2023\/03\/29155038\/Shandel-300x300.jpeg\" alt=\"\" width=\"180\" height=\"180\" srcset=\"https:\/\/ens-green-schools-ns-prod-offload-647701102377-ca-central-1.s3.ca-central-1.amazonaws.com\/wp-content\/uploads\/2023\/03\/29155038\/Shandel-300x300.jpeg 300w, https:\/\/ens-green-schools-ns-prod-offload-647701102377-ca-central-1.s3.ca-central-1.amazonaws.com\/wp-content\/uploads\/2023\/03\/29155038\/Shandel-1024x1021.jpeg 1024w, https:\/\/ens-green-schools-ns-prod-offload-647701102377-ca-central-1.s3.ca-central-1.amazonaws.com\/wp-content\/uploads\/2023\/03\/29155038\/Shandel-150x150.jpeg 150w, https:\/\/ens-green-schools-ns-prod-offload-647701102377-ca-central-1.s3.ca-central-1.amazonaws.com\/wp-content\/uploads\/2023\/03\/29155038\/Shandel-768x766.jpeg 768w, https:\/\/ens-green-schools-ns-prod-offload-647701102377-ca-central-1.s3.ca-central-1.amazonaws.com\/wp-content\/uploads\/2023\/03\/29155038\/Shandel-1536x1532.jpeg 1536w, https:\/\/ens-green-schools-ns-prod-offload-647701102377-ca-central-1.s3.ca-central-1.amazonaws.com\/wp-content\/uploads\/2023\/03\/29155038\/Shandel-2048x2042.jpeg 2048w, https:\/\/ens-green-schools-ns-prod-offload-647701102377-ca-central-1.s3.ca-central-1.amazonaws.com\/wp-content\/uploads\/2023\/03\/29155038\/Shandel-1920x1915.jpeg 1920w, https:\/\/ens-green-schools-ns-prod-offload-647701102377-ca-central-1.s3.ca-central-1.amazonaws.com\/wp-content\/uploads\/2023\/03\/29155038\/Shandel-162x162.jpeg 162w, https:\/\/ens-green-schools-ns-prod-offload-647701102377-ca-central-1.s3.ca-central-1.amazonaws.com\/wp-content\/uploads\/2023\/03\/29155038\/Shandel-296x295.jpeg 296w\" sizes=\"auto, (max-width: 180px) 100vw, 180px\" \/><\/p>\n<p>Shandel s\u2019est jointe aux \u00c9coles vertes en janvier 2016 \u00e0 titre de directrice d\u2019acceptation au Cap-Breton. Originaire de l\u2019Alberta, Shandel a pris sa place ailleurs au pays et a choisi le Cap-Breton comme demeure. Elle a explor\u00e9 la c\u00f4te ouest de la Colombie-Britannique en \u00e9tudiant les Arts lib\u00e9raux et en obtenant un dipl\u00f4me en Sciences \u00e0 l\u2019universit\u00e9 Quest. Cette universit\u00e9 a \u00e9largie ses connaissances du monde et l\u2019a men\u00e9 \u00e0 questionner les relations avec l\u2019\u00e9cosyst\u00e8me complexe de la terre. Apr\u00e8s une ann\u00e9e d\u2019\u00e9tude du fran\u00e7ais et d\u2019enseignement de l\u2019anglais \u00e0 Sherbrooke, Qu\u00e9bec, Shandel a effectu\u00e9 sa premi\u00e8re visite aux Maritimes pour un emploi \u00e0 Ch\u00e9ticamp, Cap-Breton. Son dipl\u00f4me de ma\u00eetrise en \u00c9tudes environnementales et de ressources de l\u2019Universit\u00e9 de Waterloo lui a permis de retourner en Nouvelle-\u00c9cosse afin d\u2019\u00e9tudier comment le sens de l\u2019endroit peut affecter la capacit\u00e9 des p\u00eacheurs de traiter des changements climatiques et autres changements sociaux et \u00e9conomiques. L\u2019an dernier, Shandel est revenue \u00e0 ses racines de la ferme quand elle est d\u00e9m\u00e9nag\u00e9e \u00e0 la ferme de la cinqui\u00e8me g\u00e9n\u00e9ration dans la vall\u00e9e pittoresque de Magr\u00e9 o\u00f9 elle vit pr\u00e9sentement avec son partenaire, Ben. Quand elle n\u2019est pas occup\u00e9e \u00e0 encourager les enfants \u00e0 jouer \u00e0 l\u2019ext\u00e9rieur, \u00e0 planter des l\u00e9gumes et \u00e0 r\u00e9duire la consommation de l\u2019\u00e9nergie, elle fait du ski de fond ou nourrit son veau domestique, Coo.<\/p>\n\t\t\t\t<\/div>\n\t\t\t\t\t\t\t<div class=\"team-member-box\">\n\t\t\t\t\t<h3>Emma Hines<\/h3>\t\t\t\t\t\t\t\t\t\t\t<div class=\"position\">Sp\u00e9cialiste des Carri\u00e8res Vertes<\/div>\n\t\t\t\t\t\t\t\t\t\t\t\t\t\t\t\t<a href=\"mailto:&#101;&#109;m&#97;&#64;&#103;&#114;e&#101;nsc&#104;oo&#108;s&#110;s&#46;&#99;a\" class=\"btn\">\n\t\t\t\t\t\t\t<i class=\"fa fa-envelope\"><\/i>\n\t\t\t\t\t\t\tEmail\t\t\t\t\t\t<\/a>\n\t\t\t\t\t\t\t\t\t\t<p><img loading=\"lazy\" decoding=\"async\" class=\"alignnone wp-image-9142\" src=\"https:\/\/ens-green-schools-ns-prod-offload-647701102377-ca-central-1.s3.ca-central-1.amazonaws.com\/wp-content\/uploads\/2023\/09\/01151121\/316676045_10229933820593179_9020247795785263089_n-1-300x300.jpg\" alt=\"\" width=\"180\" height=\"180\" srcset=\"https:\/\/ens-green-schools-ns-prod-offload-647701102377-ca-central-1.s3.ca-central-1.amazonaws.com\/wp-content\/uploads\/2023\/09\/01151121\/316676045_10229933820593179_9020247795785263089_n-1-300x300.jpg 300w, https:\/\/ens-green-schools-ns-prod-offload-647701102377-ca-central-1.s3.ca-central-1.amazonaws.com\/wp-content\/uploads\/2023\/09\/01151121\/316676045_10229933820593179_9020247795785263089_n-1-1024x1024.jpg 1024w, https:\/\/ens-green-schools-ns-prod-offload-647701102377-ca-central-1.s3.ca-central-1.amazonaws.com\/wp-content\/uploads\/2023\/09\/01151121\/316676045_10229933820593179_9020247795785263089_n-1-150x150.jpg 150w, https:\/\/ens-green-schools-ns-prod-offload-647701102377-ca-central-1.s3.ca-central-1.amazonaws.com\/wp-content\/uploads\/2023\/09\/01151121\/316676045_10229933820593179_9020247795785263089_n-1-768x768.jpg 768w, https:\/\/ens-green-schools-ns-prod-offload-647701102377-ca-central-1.s3.ca-central-1.amazonaws.com\/wp-content\/uploads\/2023\/09\/01151121\/316676045_10229933820593179_9020247795785263089_n-1-1536x1536.jpg 1536w, https:\/\/ens-green-schools-ns-prod-offload-647701102377-ca-central-1.s3.ca-central-1.amazonaws.com\/wp-content\/uploads\/2023\/09\/01151121\/316676045_10229933820593179_9020247795785263089_n-1-1920x1921.jpg 1920w, https:\/\/ens-green-schools-ns-prod-offload-647701102377-ca-central-1.s3.ca-central-1.amazonaws.com\/wp-content\/uploads\/2023\/09\/01151121\/316676045_10229933820593179_9020247795785263089_n-1-162x162.jpg 162w, https:\/\/ens-green-schools-ns-prod-offload-647701102377-ca-central-1.s3.ca-central-1.amazonaws.com\/wp-content\/uploads\/2023\/09\/01151121\/316676045_10229933820593179_9020247795785263089_n-1-296x296.jpg 296w, https:\/\/ens-green-schools-ns-prod-offload-647701102377-ca-central-1.s3.ca-central-1.amazonaws.com\/wp-content\/uploads\/2023\/09\/01151121\/316676045_10229933820593179_9020247795785263089_n-1.jpg 2047w\" sizes=\"auto, (max-width: 180px) 100vw, 180px\" \/><\/p>\n<p>Emma est ravie de rejoindre l&#8217;\u00e9quipe en tant qu&#8217;Agent de l&#8217;Engagement pour HRM.<\/p>\n<p>Fra\u00eechement dipl\u00f4m\u00e9e de l&#8217;Universit\u00e9 Dalhousie avec un baccalaur\u00e9at en Sciences de l&#8217;Environnement et en Durabilit\u00e9, la passion d&#8217;Emma r\u00e9side dans tout ce qui concerne notre belle plan\u00e8te.<\/p>\n<p>Lorsqu&#8217;elle n&#8217;est pas occup\u00e9e par son travail, vous pouvez trouver Emma en randonn\u00e9e dans la nature, perfectionnant ses mouvements dans son studio de danse, ou profitant de moments c\u00e2lins de qualit\u00e9 avec ses compagnons f\u00e9lins poilus. L&#8217;enthousiasme d&#8217;Emma pour la durabilit\u00e9 environnementale est contagieux, et elle a h\u00e2te de partager ses connaissances et sa passion avec la communaut\u00e9 de Green Schools.<\/p>\n\t\t\t\t<\/div>\n\t\t\t\t\t\t\t<div class=\"team-member-box\">\n\t\t\t\t\t<h3>Katie Reeves<\/h3>\t\t\t\t\t\t\t\t\t\t\t<div class=\"position\">OFFICIER D&#039;ENGAGEMENT<\/div>\n\t\t\t\t\t\t\t\t\t\t\t\t\t\t\t\t<a href=\"mailto:&#107;a&#116;&#105;e&#64;gre&#101;&#110;&#115;&#99;&#104;ool&#115;&#110;s&#46;c&#97;\" class=\"btn\">\n\t\t\t\t\t\t\t<i class=\"fa fa-envelope\"><\/i>\n\t\t\t\t\t\t\tEmail\t\t\t\t\t\t<\/a>\n\t\t\t\t\t\t\t\t\t\t<p><img loading=\"lazy\" decoding=\"async\" class=\"alignnone wp-image-9146\" src=\"https:\/\/ens-green-schools-ns-prod-offload-647701102377-ca-central-1.s3.ca-central-1.amazonaws.com\/wp-content\/uploads\/2023\/09\/01153928\/unnamed-300x300.png\" alt=\"\" width=\"180\" height=\"180\" srcset=\"https:\/\/ens-green-schools-ns-prod-offload-647701102377-ca-central-1.s3.ca-central-1.amazonaws.com\/wp-content\/uploads\/2023\/09\/01153928\/unnamed-300x300.png 300w, https:\/\/ens-green-schools-ns-prod-offload-647701102377-ca-central-1.s3.ca-central-1.amazonaws.com\/wp-content\/uploads\/2023\/09\/01153928\/unnamed-150x150.png 150w, https:\/\/ens-green-schools-ns-prod-offload-647701102377-ca-central-1.s3.ca-central-1.amazonaws.com\/wp-content\/uploads\/2023\/09\/01153928\/unnamed-162x162.png 162w, https:\/\/ens-green-schools-ns-prod-offload-647701102377-ca-central-1.s3.ca-central-1.amazonaws.com\/wp-content\/uploads\/2023\/09\/01153928\/unnamed-296x296.png 296w, https:\/\/ens-green-schools-ns-prod-offload-647701102377-ca-central-1.s3.ca-central-1.amazonaws.com\/wp-content\/uploads\/2023\/09\/01153928\/unnamed.png 512w\" sizes=\"auto, (max-width: 180px) 100vw, 180px\" \/><\/p>\n<p>Katie, notre Responsable de l&#8217;Engagement pour le Sud chez Green Schools cette ann\u00e9e, apporte une grande richesse de connaissances et une passion pour la durabilit\u00e9 \u00e0 l&#8217;\u00e9quipe. Avec une formation en Sciences Animales et une licence en Sciences Agricoles, elle est bien vers\u00e9e dans l&#8217;interconnexion de la nature.<\/p>\n<p>En dehors du travail, Katie aime explorer notre belle province avec son mari, faire de la randonn\u00e9e en pleine nature et passer du temps avec ses 3 chevaux. Elle appr\u00e9cie \u00e9galement l&#8217;apprentissage du dressage (la danse classique \u00e0 cheval). Son amour pour la nature nourrit son engagement envers les causes environnementales.<\/p>\n\t\t\t\t<\/div>\n\t\t\t\t\t\t\t<div class=\"team-member-box\">\n\t\t\t\t\t<h3>Jonah Campbell<\/h3>\t\t\t\t\t\t\t\t\t\t\t<div class=\"position\">Officier d&#039;Engagement<\/div>\n\t\t\t\t\t\t\t\t\t\t\t\t\t\t\t<p><img loading=\"lazy\" decoding=\"async\" class=\"alignnone  wp-image-9689\" src=\"https:\/\/ens-green-schools-ns-prod-offload-647701102377-ca-central-1.s3.ca-central-1.amazonaws.com\/wp-content\/uploads\/2024\/02\/08182653\/IMG_1615-1-300x300.jpeg\" alt=\"\" width=\"180\" height=\"180\" srcset=\"https:\/\/ens-green-schools-ns-prod-offload-647701102377-ca-central-1.s3.ca-central-1.amazonaws.com\/wp-content\/uploads\/2024\/02\/08182653\/IMG_1615-1-300x300.jpeg 300w, https:\/\/ens-green-schools-ns-prod-offload-647701102377-ca-central-1.s3.ca-central-1.amazonaws.com\/wp-content\/uploads\/2024\/02\/08182653\/IMG_1615-1-1024x1024.jpeg 1024w, https:\/\/ens-green-schools-ns-prod-offload-647701102377-ca-central-1.s3.ca-central-1.amazonaws.com\/wp-content\/uploads\/2024\/02\/08182653\/IMG_1615-1-150x150.jpeg 150w, https:\/\/ens-green-schools-ns-prod-offload-647701102377-ca-central-1.s3.ca-central-1.amazonaws.com\/wp-content\/uploads\/2024\/02\/08182653\/IMG_1615-1-768x768.jpeg 768w, https:\/\/ens-green-schools-ns-prod-offload-647701102377-ca-central-1.s3.ca-central-1.amazonaws.com\/wp-content\/uploads\/2024\/02\/08182653\/IMG_1615-1-1536x1536.jpeg 1536w, https:\/\/ens-green-schools-ns-prod-offload-647701102377-ca-central-1.s3.ca-central-1.amazonaws.com\/wp-content\/uploads\/2024\/02\/08182653\/IMG_1615-1-2048x2048.jpeg 2048w, https:\/\/ens-green-schools-ns-prod-offload-647701102377-ca-central-1.s3.ca-central-1.amazonaws.com\/wp-content\/uploads\/2024\/02\/08182653\/IMG_1615-1-1920x1920.jpeg 1920w, https:\/\/ens-green-schools-ns-prod-offload-647701102377-ca-central-1.s3.ca-central-1.amazonaws.com\/wp-content\/uploads\/2024\/02\/08182653\/IMG_1615-1-162x162.jpeg 162w, https:\/\/ens-green-schools-ns-prod-offload-647701102377-ca-central-1.s3.ca-central-1.amazonaws.com\/wp-content\/uploads\/2024\/02\/08182653\/IMG_1615-1-296x296.jpeg 296w\" sizes=\"auto, (max-width: 180px) 100vw, 180px\" \/><\/p>\n<p>Jonah est un des nouveaux Officier d\u2019Engagement avec Green Schools NS!<\/p>\n<p>Inspir\u00e9 par une longue carri\u00e8re dans le monde des camps d&#8217;\u00e9t\u00e9, Jonah est passionn\u00e9 par tout ce qui concerne le camping, la randonn\u00e9e et les activit\u00e9s de plein air. Il a pass\u00e9 de bons moments en plein air dans les belles provinces de la Colombie-Britannique, de l&#8217;Alberta, de l&#8217;Ontario et, bien s\u00fbr, dans sa province natale, la Nouvelle-\u00c9cosse.<\/p>\n<p>Jonah est dipl\u00f4m\u00e9 en th\u00e9\u00e2tre de l&#8217;Universit\u00e9 Dalhousie. Lorsqu&#8217;il doit passer du temps \u00e0 l&#8217;int\u00e9rieur, vous pouvez habituellement le trouver au th\u00e9\u00e2tre en train de jouer dans des spectacles d&#8217;improvisation comique locaux. Jonah aime vivre, rire et manger, et il est un grand partisan de la bonne cuisine du monde entier.<\/p>\n\t\t\t\t<\/div>\n\t\t\t\t\t<\/div>\n\n\t<\/section>\n","protected":false},"excerpt":{"rendered":"<p>\u00c9coles vertes de la N-\u00c9&nbsp;est une initiative captivante qui vous est propos\u00e9e par Efficiency Nova Scotia pour am\u00e9liorer la durabilit\u00e9 environnementale au sein des \u00e9coles. Ce programme gratuit contribue \u00e0&#8230;<\/p>\n","protected":false},"featured_media":0,"parent":0,"menu_order":0,"comment_status":"closed","ping_status":"closed","template":"","meta":{"_acf_changed":false,"inline_featured_image":false,"footnotes":""},"class_list":["post-747","page","type-page","status-publish","hentry"],"acf":[],"_links":{"self":[{"href":"https:\/\/www.greenschoolsns.ca\/fr\/wp-json\/wp\/v2\/pages\/747","targetHints":{"allow":["GET"]}}],"collection":[{"href":"https:\/\/www.greenschoolsns.ca\/fr\/wp-json\/wp\/v2\/pages"}],"about":[{"href":"https:\/\/www.greenschoolsns.ca\/fr\/wp-json\/wp\/v2\/types\/page"}],"author":[{"embeddable":true,"href":"https:\/\/www.greenschoolsns.ca\/fr\/wp-json\/wp\/v2\/users\/10"}],"replies":[{"embeddable":true,"href":"https:\/\/www.greenschoolsns.ca\/fr\/wp-json\/wp\/v2\/comments?post=747"}],"version-history":[{"count":4,"href":"https:\/\/www.greenschoolsns.ca\/fr\/wp-json\/wp\/v2\/pages\/747\/revisions"}],"predecessor-version":[{"id":791,"href":"https:\/\/www.greenschoolsns.ca\/fr\/wp-json\/wp\/v2\/pages\/747\/revisions\/791"}],"wp:attachment":[{"href":"https:\/\/www.greenschoolsns.ca\/fr\/wp-json\/wp\/v2\/media?parent=747"}],"curies":[{"name":"wp","href":"https:\/\/api.w.org\/{rel}","templated":true}]}}