{"id":759,"date":"2023-03-16T13:03:30","date_gmt":"2023-03-16T16:03:30","guid":{"rendered":"https:\/\/SITEURL\/your-questions-answered\/"},"modified":"2026-04-13T15:22:52","modified_gmt":"2026-04-13T18:22:52","slug":"questions-frequemment-posees","status":"publish","type":"page","link":"https:\/\/www.greenschoolsns.ca\/fr\/questions-frequemment-posees\/","title":{"rendered":"QUESTIONS FR\u00c9QUEMMENT POS\u00c9ES"},"content":{"rendered":"\n\n\t<section id=\"block_e10b1359bdc00beb4667cf54a10108be\" class=\"faq-section\">\n\t\t<div class=\"faq-boxes\">\n\t\t\t\t\t\t\t<div class=\"faq-box\">\n\t\t\t\t\t<h3 class=\"question\">Combien \u00e7a co\u00fbte pour participer au programme des \u00c9coles vertes?<\/h3>\t\t\t\t\t<div class=\"answer\">\n\t\t\t\t\t\t<p>Rien du tout! L&#8217;inscription est gratuite, et il n&#8217;y a aucun frais de d\u00e9marrage ou d\u2019autres frais associ\u00e9s \u00e0 la participation au programme des \u00c9coles vertes. Nous sommes fiers de continuer \u00e0 offrir ce programme gratuit \u00e0 toute \u00e9cole situ\u00e9e dans la province de la Nouvelle-\u00c9cosse.<\/p>\n\t\t\t\t\t<\/div>\n\t\t\t\t<\/div>\n\t\t\t\t\t\t\t<div class=\"faq-box\">\n\t\t\t\t\t<h3 class=\"question\">Qui peut diriger une \u00c9quipe verte?<\/h3>\t\t\t\t\t<div class=\"answer\">\n\t\t\t\t\t\t<p>Les enseignants, directeurs, directeurs adjoints, \u00e9tudiants, gardiens, biblioth\u00e9caires, parents, membres des Conseils consultatifs des \u00e9coles, assistants de programme d&#8217;\u00e9ducation, conseillers d&#8217;orientation, membres de la communaut\u00e9\u2026 bref, n\u2019importe quelle personne qui s\u2019int\u00e9resse \u00e0 faire de votre \u00e9cole un lieu plus \u00e9cologique est encourag\u00e9e \u00e0 mener votre \u00c9quipe verte. Si vous \u00eates un ou une \u00e9l\u00e8ve d\u2019\u00e9cole secondaire int\u00e9ress\u00e9(e) \u00e0 assumer un r\u00f4le de leadership, essayez d\u2019abord de former un partenariat avec un mentor adulte (en vous inspirant de la liste ci-dessus) pour aborder cette t\u00e2che ensemble.<\/p>\n\t\t\t\t\t<\/div>\n\t\t\t\t<\/div>\n\t\t\t\t\t\t\t<div class=\"faq-box\">\n\t\t\t\t\t<h3 class=\"question\">Notre \u00e9cole poss\u00e8de d\u00e9j\u00e0 un club environnemental actif. Pourquoi devrions-nous rejoindre le programme des \u00c9coles vertes?<\/h3>\t\t\t\t\t<div class=\"answer\">\n\t\t\t\t\t\t<p>Le programme des \u00c9coles vertes fait passer votre club au prochain niveau pour renforcer les efforts positifs d\u00e9j\u00e0 en cours, fournir une orientation et des suggestions, et aider \u00e0 brancher votre \u00e9cole \u00e9co-consciente \u00e0 d&#8217;autres \u00e9coles partageant le m\u00eame \u00e9tat d\u2019esprit \u00e0 travers la province. Pensez-y comme un plus grand club dans lequel vous pouvez puiser pour obtenir des id\u00e9es, poser des questions, et partager vos r\u00e9alisations avec un plus grand public.<\/p>\n\t\t\t\t\t<\/div>\n\t\t\t\t<\/div>\n\t\t\t\t\t\t\t<div class=\"faq-box\">\n\t\t\t\t\t<h3 class=\"question\">Notre \u00e9cole est d\u00e9j\u00e0 d\u00e9bord\u00e9e d\u2019activit\u00e9s. Quelles sont les ressources disponibles pour aider \u00e0 assurer que le programme des \u00c9coles vertes soit un projet facile pour nous \u00e0 entreprendre?<\/h3>\t\t\t\t\t<div class=\"answer\">\n\t\t\t\t\t\t<div class=\"answer\">\n<p>L\u2019\u00e9quipe des \u00c9coles vertes comprend que les \u00e9coles sont souvent inond\u00e9es de programmes et d&#8217;activit\u00e9s, et qu&#8217;il n&#8217;y a souvent pas assez d&#8217;heures dans la journ\u00e9e pour tout faire. Nous avons soigneusement con\u00e7u ce programme afin qu\u2019il soit facile pour tout le monde impliqu\u00e9, surtout ceux qui occupent des postes de leadership.<\/p>\n<p>En tant que membre de la famille des \u00c9coles vertes, vous n&#8217;\u00eates jamais seul. Nous vous offrons de l\u2019appui pendant toute l\u2019ann\u00e9e, \u00e0 travers le <strong>site web des \u00c9coles vertes<\/strong>, votre <strong>Agente d\u2019engagement <\/strong>d\u00e9sign\u00e9 (toujours pr\u00eat \u00e0 visiter votre \u00e9cole et \u00e0 offrir des conseils au besoin), le <strong>Guide de programmation <\/strong>(contenant les activit\u00e9s propos\u00e9es, des points de discussion et des ressources), le <strong>Calendrier<\/strong> (contenant des suggestions d&#8217;activit\u00e9s, des liens aux programmes d\u2019\u00e9tudes, et les dates importantes scolaires et environnementales), et cinq diff\u00e9rentes <strong>pr\u00e9sences des \u00c9coles vertes sur les r\u00e9seaux sociaux<\/strong> (Facebook, Twitter, Pinterest, Instagram et YouTube). Vous n\u2019\u00eates toujours pas certains s\u2019il vous est faisable de participer au programme des \u00c9coles vertes? Nous vous prions de nous contacter. Nous travaillerons avec vous pour pr\u00e9senter ce programme utile d&#8217;une mani\u00e8re compr\u00e9hensible pour votre \u00e9cole et vos \u00e9l\u00e8ves.<\/p>\n<\/div>\n\t\t\t\t\t<\/div>\n\t\t\t\t<\/div>\n\t\t\t\t\t\t\t<div class=\"faq-box\">\n\t\t\t\t\t<h3 class=\"question\">Notre \u00e9quipe a besoin d&#8217;aide. Qui devons-nous contacter?<\/h3>\t\t\t\t\t<div class=\"answer\">\n\t\t\t\t\t\t<p>L&#8217;\u00c9quipe d&#8217;engagement des \u00c9coles vertes est l\u00e0 pour vous appuyer. Un Agent d\u2019engagement affect\u00e9 dans votre r\u00e9gion sera disponible pour visiter votre \u00e9cole, aider \u00e0 bien lancer votre \u00e9quipe, et offrir de l\u2019appui tout au long de l&#8217;ann\u00e9e. Les coordonn\u00e9es de votre repr\u00e9sentant seront fournies au moment de l&#8217;inscription. Si vous avez besoin d\u2019appui suppl\u00e9mentaire, veuillez communiquer\u00a0veuillez communiquer contactez-nous en nous envoyant un courriel \u00e0 <a href=\"mailto:info@greenschoolsns.ca\">info@greenschoolsns.ca<\/a> ou composez le 902-407-2513<\/p>\n\t\t\t\t\t<\/div>\n\t\t\t\t<\/div>\n\t\t\t\t\t\t\t<div class=\"faq-box\">\n\t\t\t\t\t<h3 class=\"question\">Que faire si le co\u00fbt des activit\u00e9s qui nous int\u00e9ressent d\u00e9passe le budget de notre \u00e9cole ?<\/h3>\t\t\t\t\t<div class=\"answer\">\n\t\t\t\t\t\t<p>M\u00eame de petits changements, qui peuvent ne rien co\u00fbter ou bien tr\u00e8s peu, peuvent faire une grande diff\u00e9rence. Les pr\u00e9l\u00e8vements de fonds sont une partie importante de l&#8217;initiative des \u00c9coles vertes et aideront \u00e0 assurer que les activit\u00e9s que votre \u00c9quipe verte entreprend seront couronn\u00e9es de succ\u00e8s. Avez-vous besoin d&#8217;aide ? Appelez-nous.<\/p>\n\t\t\t\t\t<\/div>\n\t\t\t\t<\/div>\n\t\t\t\t\t\t\t<div class=\"faq-box\">\n\t\t\t\t\t<h3 class=\"question\">N\u2019importe quelle \u00e9cole en Nouvelle-\u00c9cosse peut-elle devenir membre des \u00c9coles vertes ?<\/h3>\t\t\t\t\t<div class=\"answer\">\n\t\t\t\t\t\t<p>Le programme des \u00c9coles vertes de la Nouvelle-\u00c9cosse est une initiative \u00e0 l&#8217;\u00e9chelle provinciale ouvert aux \u00e9coles publiques et priv\u00e9es et aux \u00e9l\u00e8ves de la maternelle \u00e0 la douzi\u00e8me ann\u00e9e. Nous encourageons la participation des \u00e9coles de tous les coins de la province.<\/p>\n\t\t\t\t\t<\/div>\n\t\t\t\t<\/div>\n\t\t\t\t\t\t\t<div class=\"faq-box\">\n\t\t\t\t\t<h3 class=\"question\">Qui dirige le programme des \u00c9coles vertes de la Nouvelle-\u00c9cosse ?<\/h3>\t\t\t\t\t<div class=\"answer\">\n\t\t\t\t\t\t<p>Le programme des \u00c9coles vertes est une initiative passionnante de la part d\u2019Efficacit\u00e9 Nouvelle-\u00c9cosse. Une \u00e9quipe sp\u00e9ciale form\u00e9e d\u2019\u00e9ducateurs, d\u2019experts sur l&#8217;environnement, de concepteurs de programmes et de strat\u00e8ges au sein de Thinkwell Shift assure l\u2019administration du programme sur une base quotidienne au nom d\u2019Efficacit\u00e9 Nouvelle-\u00c9cosse.<\/p>\n\t\t\t\t\t<\/div>\n\t\t\t\t<\/div>\n\t\t\t\t\t\t\t<div class=\"faq-box\">\n\t\t\t\t\t<h3 class=\"question\">Un(e) \u00e9l\u00e8ve peut-il ou elle mener une \u00c9quipe verte ?<\/h3>\t\t\t\t\t<div class=\"answer\">\n\t\t\t\t\t\t<p>Nous recommandons qu&#8217;un membre du personnel ou de l\u2019administration ou un parent int\u00e9ress\u00e9 m\u00e8ne l\u2019\u00c9quipe verte de votre \u00e9cole. Si vous \u00eates un \u00e9l\u00e8ve d\u2019\u00e9cole secondaire int\u00e9ress\u00e9s par un r\u00f4le de leadership, tentez de former un partenariat avec un membre du personnel pour aborder cette t\u00e2che ensemble.<\/p>\n\t\t\t\t\t<\/div>\n\t\t\t\t<\/div>\n\t\t\t\t\t\t\t<div class=\"faq-box\">\n\t\t\t\t\t<h3 class=\"question\">N\u2019importe qui peut-il rejoindre une \u00c9quipe verte ?<\/h3>\t\t\t\t\t<div class=\"answer\">\n\t\t\t\t\t\t<p>Bien s\u00fbr ! Les \u00e9l\u00e8ves, le personnel, les parents, les gardiens, les membres de la communaut\u00e9 \u2014 n\u2019importe quelle personne qui s\u2019int\u00e9resse \u00e0 faire de votre \u00e9cole un lieu plus \u00e9cologique est encourag\u00e9e \u00e0 se joindre \u00e0 l&#8217;\u00c9quipe verte de votre \u00e9cole.<\/p>\n\t\t\t\t\t<\/div>\n\t\t\t\t<\/div>\n\t\t\t\t\t\t\t<div class=\"faq-box\">\n\t\t\t\t\t<h3 class=\"question\">Combien souvent notre \u00c9quipe verte devra-t-elle se rencontrer ?<\/h3>\t\t\t\t\t<div class=\"answer\">\n\t\t\t\t\t\t<p>Organisez des r\u00e9unions r\u00e9guli\u00e8res. R\u00e9unissez-vous au moins deux fois par mois afin de faire des remue-m\u00e9ninges, planifier et garder votre \u00c9quipe verte sur la bonne voie. Cr\u00e9ez un calendrier qui fonctionne pour les membres de votre \u00e9quipe et respectez-le.<\/p>\n\t\t\t\t\t<\/div>\n\t\t\t\t<\/div>\n\t\t\t\t\t\t\t<div class=\"faq-box\">\n\t\t\t\t\t<h3 class=\"question\">Existe-t-il une ressource de programmation pour les \u00c9coles vertes ?<\/h3>\t\t\t\t\t<div class=\"answer\">\n\t\t\t\t\t\t<p>Oui. Le Guide de programmation des \u00c9coles vertes est t\u00e9l\u00e9chargeable en format PDF ici. Utilisez-le pour familiariser votre \u00c9quipe verte avec l&#8217;initiative et acc\u00e9der \u00e0 des ressources utiles pour faire de votre exp\u00e9rience des \u00c9coles vertes un succ\u00e8s. Que vous soyez un d\u00e9butant ou un membre exp\u00e9riment\u00e9 des \u00c9coles vertes, chaque chef d&#8217;\u00c9quipe verte est invit\u00e9 \u00e0 consulter ce guide avant de commencer.<\/p>\n\t\t\t\t\t<\/div>\n\t\t\t\t<\/div>\n\t\t\t\t\t\t\t<div class=\"faq-box\">\n\t\t\t\t\t<h3 class=\"question\">Comment puis-je inscrire mon \u00e9cole ?<\/h3>\t\t\t\t\t<div class=\"answer\">\n\t\t\t\t\t\t<p>Contactez-nous en nous envoyant un courriel \u00e0 <a href=\"mailto:info@greenschoolsns.ca\">info@greenschoolsns.ca<\/a> ou composez le 902-407-2513.<\/p>\n\t\t\t\t\t<\/div>\n\t\t\t\t<\/div>\n\t\t\t\t\t\t\t<div class=\"faq-box\">\n\t\t\t\t\t<h3 class=\"question\">Mon \u00e9cole s\u2019est inscrite l&#8217;ann\u00e9e derni\u00e8re. Devons-nous nous inscrire \u00e0 nouveau ?<\/h3>\t\t\t\t\t<div class=\"answer\">\n\t\t\t\t\t\t<p>Oui. L\u2019inscription pour les \u00c9coles vertes a lieu chaque septembre pour l&#8217;ann\u00e9e scolaire en cours. Les \u00e9coles qui ont particip\u00e9 au cours des derni\u00e8res ann\u00e9es doivent encore s\u2019inscrire \u00e0 chaque septembre.<\/p>\n\t\t\t\t\t<\/div>\n\t\t\t\t<\/div>\n\t\t\t\t\t\t\t<div class=\"faq-box\">\n\t\t\t\t\t<h3 class=\"question\">J\u2019aimerais d\u00e9marrer une \u00c9quipe verte dans mon \u00e9cole. Quelles sont les prochaines \u00e9tapes ?<\/h3>\t\t\t\t\t<div class=\"answer\">\n\t\t\t\t\t\t<p>Nous vous remercions de votre int\u00e9r\u00eat envers le programme des \u00c9coles vertes de la Nouvelle-\u00c9cosse\u00a0\u2014\u00a0nous serions ravis que vous vous joigniez \u00e0 nous\u00a0! La premi\u00e8re \u00e9tape consiste \u00e0 inscrire votre \u00e9cole et de recruter les membres de votre \u00c9quipe verte. Contactez-nous en nous envoyant un courriel \u00e0 <a href=\"mailto:info@greenschoolsns.ca\">info@greenschoolsns.ca<\/a> ou composez le 902-407-2513 et nous vous aiderons \u00e0 commencer!<\/p>\n\t\t\t\t\t<\/div>\n\t\t\t\t<\/div>\n\t\t\t\t\t<\/div>\n\n\t<\/section>\n","protected":false},"excerpt":{"rendered":"","protected":false},"featured_media":0,"parent":0,"menu_order":0,"comment_status":"closed","ping_status":"closed","template":"pages\/template-faq.php","meta":{"_acf_changed":false,"inline_featured_image":false,"footnotes":""},"class_list":["post-759","page","type-page","status-publish","hentry"],"acf":[],"_links":{"self":[{"href":"https:\/\/www.greenschoolsns.ca\/fr\/wp-json\/wp\/v2\/pages\/759","targetHints":{"allow":["GET"]}}],"collection":[{"href":"https:\/\/www.greenschoolsns.ca\/fr\/wp-json\/wp\/v2\/pages"}],"about":[{"href":"https:\/\/www.greenschoolsns.ca\/fr\/wp-json\/wp\/v2\/types\/page"}],"author":[{"embeddable":true,"href":"https:\/\/www.greenschoolsns.ca\/fr\/wp-json\/wp\/v2\/users\/2"}],"replies":[{"embeddable":true,"href":"https:\/\/www.greenschoolsns.ca\/fr\/wp-json\/wp\/v2\/comments?post=759"}],"version-history":[{"count":8,"href":"https:\/\/www.greenschoolsns.ca\/fr\/wp-json\/wp\/v2\/pages\/759\/revisions"}],"predecessor-version":[{"id":10902,"href":"https:\/\/www.greenschoolsns.ca\/fr\/wp-json\/wp\/v2\/pages\/759\/revisions\/10902"}],"wp:attachment":[{"href":"https:\/\/www.greenschoolsns.ca\/fr\/wp-json\/wp\/v2\/media?parent=759"}],"curies":[{"name":"wp","href":"https:\/\/api.w.org\/{rel}","templated":true}]}}