{"id":775,"date":"2023-03-16T13:02:42","date_gmt":"2023-03-16T16:02:42","guid":{"rendered":"https:\/\/SITEURL\/feeling-resourceful\/"},"modified":"2023-03-28T16:26:30","modified_gmt":"2023-03-28T16:26:30","slug":"plein-de-ressources","status":"publish","type":"page","link":"https:\/\/www.greenschoolsns.ca\/fr\/plein-de-ressources\/","title":{"rendered":"PLEIN DE RESSOURCES!"},"content":{"rendered":"\n<p>Vous ne trouvez pas ce que vous cherchez? Essayez <a href=\"https:\/\/www.greenschoolsns.ca\/fr\/search\">l&#8217;outil de recherche du site<\/a>.<\/p>\n\n\n\n\n<section id=\"block_2683884585914cf2eaf4a222e89a9de0\" class=\"resources-section js-resources-section\">\n\t\n\t<form class=\"resources-filter-form\" data-ajax-url=\"https:\/\/www.greenschoolsns.ca\/wp-admin\/admin-ajax.php\">\n\t\t\t\t\t<div class=\"select-wrapper\">\n\t\t\t\t<label for=\"resource-type\">Resource Type<\/label>\n\t\t\t\t<select name=\"resource_type[]\" id=\"resource-type\" multiple data-placeholder=\"Choose some options\">\n\t\t\t\t\t\t\t\t\t\t\t<option value=\"51\">\n\t\t\t\t\t\t\tActivit\u00e9\t\t\t\t\t\t<\/option>\n\t\t\t\t\t\t\t\t\t\t\t<option value=\"52\">\n\t\t\t\t\t\t\tDocument d\u2019appui\t\t\t\t\t\t<\/option>\n\t\t\t\t\t\t\t\t\t\t\t<option value=\"53\">\n\t\t\t\t\t\t\tL\u2019Essentiel\t\t\t\t\t\t<\/option>\n\t\t\t\t\t\t\t\t\t\t\t<option value=\"54\">\n\t\t\t\t\t\t\tPr\u00e9sentation\t\t\t\t\t\t<\/option>\n\t\t\t\t\t\t\t\t\t<\/select>\n\t\t\t<\/div>\n\t\t\t\t\t\t\t<div class=\"select-wrapper\">\n\t\t\t\t<label for=\"resources-grade\">Grade<\/label>\n\t\t\t\t<select name=\"resources_grade[]\" id=\"resources-grade\" multiple data-placeholder=\"Choose some options\">\n\t\t\t\t\t\t\t\t\t\t\t<option value=\"55\">\n\t\t\t\t\t\t\tPre-maternelle\t\t\t\t\t\t<\/option>\n\t\t\t\t\t\t\t\t\t\t\t<option value=\"56\">\n\t\t\t\t\t\t\tMaternelle\t\t\t\t\t\t<\/option>\n\t\t\t\t\t\t\t\t\t\t\t<option value=\"57\">\n\t\t\t\t\t\t\t1re ann\u00e9e\t\t\t\t\t\t<\/option>\n\t\t\t\t\t\t\t\t\t\t\t<option value=\"58\">\n\t\t\t\t\t\t\t2e ann\u00e9e\t\t\t\t\t\t<\/option>\n\t\t\t\t\t\t\t\t\t\t\t<option value=\"59\">\n\t\t\t\t\t\t\t3e ann\u00e9e\t\t\t\t\t\t<\/option>\n\t\t\t\t\t\t\t\t\t\t\t<option value=\"60\">\n\t\t\t\t\t\t\t4e ann\u00e9e\t\t\t\t\t\t<\/option>\n\t\t\t\t\t\t\t\t\t\t\t<option value=\"61\">\n\t\t\t\t\t\t\t5e ann\u00e9e\t\t\t\t\t\t<\/option>\n\t\t\t\t\t\t\t\t\t\t\t<option value=\"62\">\n\t\t\t\t\t\t\t6e ann\u00e9e\t\t\t\t\t\t<\/option>\n\t\t\t\t\t\t\t\t\t\t\t<option value=\"63\">\n\t\t\t\t\t\t\t7e ann\u00e9e\t\t\t\t\t\t<\/option>\n\t\t\t\t\t\t\t\t\t\t\t<option value=\"64\">\n\t\t\t\t\t\t\t8e ann\u00e9e\t\t\t\t\t\t<\/option>\n\t\t\t\t\t\t\t\t\t\t\t<option value=\"65\">\n\t\t\t\t\t\t\t9e ann\u00e9e\t\t\t\t\t\t<\/option>\n\t\t\t\t\t\t\t\t\t\t\t<option value=\"66\">\n\t\t\t\t\t\t\t10e ann\u00e9e\t\t\t\t\t\t<\/option>\n\t\t\t\t\t\t\t\t\t\t\t<option value=\"67\">\n\t\t\t\t\t\t\t11e ann\u00e9e\t\t\t\t\t\t<\/option>\n\t\t\t\t\t\t\t\t\t\t\t<option value=\"68\">\n\t\t\t\t\t\t\t12e ann\u00e9e\t\t\t\t\t\t<\/option>\n\t\t\t\t\t\t\t\t\t<\/select>\n\t\t\t<\/div>\n\t\t\t\t<div class=\"submit-wrapper\">\n\t\t\t<button type=\"submit\" class=\"btn\">Apply<\/button>\n\t\t<\/div>\n\t\t<input type=\"hidden\" name=\"action\" value=\"greenschoolsns_get_resources\">\n\t<\/form>\n\n\t<div class=\"resources-container\">\n\n\t\t\t\t\t\t\t\t\t\t\t\t\t\t\t\t\t<div class=\"resources-type-box\">\n\t\t\t\t\t<h3>Activit\u00e9<\/h3>\n\t\t\t\t\t<ul class=\"resources-list\">\n\t\t\t\t\t\t\t\t\t\t\t\t\t<li>\n\t\t\t\t\t\t\t\t\t\t\t\t\t\t\t\t<span class=\"resource-title\">\n\t\t\t\t\t\t\t\t<a class=\"resource-link pdf\" href=\"https:\/\/ens-green-schools-ns-prod-offload-647701102377-ca-central-1.s3.ca-central-1.amazonaws.com\/wp-content\/uploads\/2023\/03\/30185211\/home_phantom_power_check_francais.pdf\" target=\"_blank\">\t\t\t\t\t\t\t\t\tAlimentation fant\u00f4me chez vous\t\t\t\t\t\t\t\t<\/a>\t\t\t\t\t\t\t\t<\/span>\n\t\t\t\t\t\t\t<\/li>\n\t\t\t\t\t\t\t\t\t\t\t\t\t<li>\n\t\t\t\t\t\t\t\t\t\t\t\t\t\t\t\t<span class=\"resource-title\">\n\t\t\t\t\t\t\t\t<a class=\"resource-link pdf\" href=\"https:\/\/ens-green-schools-ns-prod-offload-647701102377-ca-central-1.s3.ca-central-1.amazonaws.com\/wp-content\/uploads\/2023\/03\/30185215\/act_energyimagebingo_p-2_fr.pdf\" target=\"_blank\">\t\t\t\t\t\t\t\t\tBingo d&#8217;image \u00e9nergetique\t\t\t\t\t\t\t\t<\/a>\t\t\t\t\t\t\t\t<\/span>\n\t\t\t\t\t\t\t<\/li>\n\t\t\t\t\t\t\t\t\t\t\t\t\t<li>\n\t\t\t\t\t\t\t\t\t\t\t\t\t\t\t\t<span class=\"resource-title\">\n\t\t\t\t\t\t\t\t<a class=\"resource-link pdf\" href=\"https:\/\/ens-green-schools-ns-prod-offload-647701102377-ca-central-1.s3.ca-central-1.amazonaws.com\/wp-content\/uploads\/2023\/03\/30185215\/activite_-_diner_electrique_3-8.pdf\" target=\"_blank\">\t\t\t\t\t\t\t\t\tDi\u0302ner e\u0301lectrique\t\t\t\t\t\t\t\t<\/a>\t\t\t\t\t\t\t\t<\/span>\n\t\t\t\t\t\t\t<\/li>\n\t\t\t\t\t\t\t\t\t\t\t\t\t<li>\n\t\t\t\t\t\t\t\t\t\t\t\t\t\t\t\t<span class=\"resource-title\">\n\t\t\t\t\t\t\t\t<a class=\"resource-link vnd.ms-powerpoint\" href=\"https:\/\/ens-green-schools-ns-prod-offload-647701102377-ca-central-1.s3.ca-central-1.amazonaws.com\/wp-content\/uploads\/2023\/04\/30185210\/activite_-jeopardy_sur_lenergie_5-12_version_courte.ppt\" target=\"_blank\">\t\t\t\t\t\t\t\t\tJeopardy sur l&#8217;e\u0301nergie 5-12 (version courte)\t\t\t\t\t\t\t\t<\/a>\t\t\t\t\t\t\t\t<\/span>\n\t\t\t\t\t\t\t<\/li>\n\t\t\t\t\t\t\t\t\t\t\t\t\t<li>\n\t\t\t\t\t\t\t\t\t\t\t\t\t\t\t\t<span class=\"resource-title\">\n\t\t\t\t\t\t\t\t<a class=\"resource-link pdf\" href=\"https:\/\/www.greenschoolsns.ca\/wp-content\/uploads\/2023\/04\/activite_-_jeu_de_lhistorique_de_lelectricite_3-9.pdf\" target=\"_blank\">\t\t\t\t\t\t\t\t\tJeu de l\u2019historique de l\u2019e\u0301lectricite\u0301\t\t\t\t\t\t\t\t<\/a>\t\t\t\t\t\t\t\t<\/span>\n\t\t\t\t\t\t\t<\/li>\n\t\t\t\t\t\t\t\t\t\t\t\t\t<li>\n\t\t\t\t\t\t\t\t\t\t\t\t\t\t\t\t<span class=\"resource-title\">\n\t\t\t\t\t\t\t\t<a class=\"resource-link pdf\" href=\"https:\/\/www.greenschoolsns.ca\/wp-content\/uploads\/2023\/04\/activite_-_jeu_de_sources_denergie_6-8.pdf\" target=\"_blank\">\t\t\t\t\t\t\t\t\tJeu de sources d\u2019\u00e9nergie\t\t\t\t\t\t\t\t<\/a>\t\t\t\t\t\t\t\t<\/span>\n\t\t\t\t\t\t\t<\/li>\n\t\t\t\t\t\t\t\t\t\t\t\t\t<li>\n\t\t\t\t\t\t\t\t\t\t\t\t\t\t\t\t<span class=\"resource-title\">\n\t\t\t\t\t\t\t\t<a class=\"resource-link pdf\" href=\"https:\/\/ens-green-schools-ns-prod-offload-647701102377-ca-central-1.s3.ca-central-1.amazonaws.com\/wp-content\/uploads\/2023\/03\/30185212\/act_moreorlessenergy_game_fr_0.pdf\" target=\"_blank\">\t\t\t\t\t\t\t\t\tJeu Plus ou Moins d\u2019\u00c9nergie?\t\t\t\t\t\t\t\t<\/a>\t\t\t\t\t\t\t\t<\/span>\n\t\t\t\t\t\t\t<\/li>\n\t\t\t\t\t\t\t\t\t\t\t\t\t<li>\n\t\t\t\t\t\t\t\t\t\t\t\t\t\t\t\t<span class=\"resource-title\">\n\t\t\t\t\t\t\t\t<a class=\"resource-link pdf\" href=\"https:\/\/www.greenschoolsns.ca\/wp-content\/uploads\/2023\/04\/act_power_down_checklist_2018_fr.pdf\" target=\"_blank\">\t\t\t\t\t\t\t\t\tListe de V\u00e9rification Hors Tension\t\t\t\t\t\t\t\t<\/a>\t\t\t\t\t\t\t\t<\/span>\n\t\t\t\t\t\t\t<\/li>\n\t\t\t\t\t\t\t\t\t\t\t\t\t<li>\n\t\t\t\t\t\t\t\t\t\t\t\t\t\t\t\t<span class=\"resource-title\">\n\t\t\t\t\t\t\t\t<a class=\"resource-link pdf\" href=\"https:\/\/ens-green-schools-ns-prod-offload-647701102377-ca-central-1.s3.ca-central-1.amazonaws.com\/wp-content\/uploads\/2023\/03\/30185217\/activite_-_liste_de_verification_pour_la_salle_de_classe_p-12_1.pdf\" target=\"_blank\">\t\t\t\t\t\t\t\t\tListe de ve\u0301rification pour la salle de classe\t\t\t\t\t\t\t\t<\/a>\t\t\t\t\t\t\t\t<\/span>\n\t\t\t\t\t\t\t<\/li>\n\t\t\t\t\t\t\t\t\t\t\t\t\t<li>\n\t\t\t\t\t\t\t\t\t\t\t\t\t\t\t\t<span class=\"resource-title\">\n\t\t\t\t\t\t\t\t<a class=\"resource-link pdf\" href=\"https:\/\/www.greenschoolsns.ca\/wp-content\/uploads\/2023\/04\/activite_-_navigateur_denergie_3-6_feuille_de_travail.pdf\" target=\"_blank\">\t\t\t\t\t\t\t\t\tNavigateur d\u2019e\u0301nergie 3-6 (feuille de travail)\t\t\t\t\t\t\t\t<\/a>\t\t\t\t\t\t\t\t<\/span>\n\t\t\t\t\t\t\t<\/li>\n\t\t\t\t\t\t\t\t\t\t\t\t\t<li>\n\t\t\t\t\t\t\t\t\t\t\t\t\t\t\t\t<span class=\"resource-title\">\n\t\t\t\t\t\t\t\t<a class=\"resource-link pdf\" href=\"https:\/\/www.greenschoolsns.ca\/wp-content\/uploads\/2023\/04\/activite_-_navigateurs_denergie_p-5_tableau_de_bord.pdf\" target=\"_blank\">\t\t\t\t\t\t\t\t\tNavigateur d\u2019e\u0301nergie P-5 (tableau de bord)\t\t\t\t\t\t\t\t<\/a>\t\t\t\t\t\t\t\t<\/span>\n\t\t\t\t\t\t\t<\/li>\n\t\t\t\t\t\t\t\t\t\t\t\t\t<li>\n\t\t\t\t\t\t\t\t\t\t\t\t\t\t\t\t<span class=\"resource-title\">\n\t\t\t\t\t\t\t\t<a class=\"resource-link pdf\" href=\"https:\/\/ens-green-schools-ns-prod-offload-647701102377-ca-central-1.s3.ca-central-1.amazonaws.com\/wp-content\/uploads\/2023\/03\/30185214\/activite_-_navigateurs_denergie_p-5.pdf\" target=\"_blank\">\t\t\t\t\t\t\t\t\tNavigateur d\u2019e\u0301nergie P-6\t\t\t\t\t\t\t\t<\/a>\t\t\t\t\t\t\t\t<\/span>\n\t\t\t\t\t\t\t<\/li>\n\t\t\t\t\t\t\t\t\t\t\t<\/ul>\n\t\t\t\t<\/div>\n\t\t\t\t\t\n\t\t\t\t\t\t\t\t\t\t\t\t\t\t\t<div class=\"resources-type-box\">\n\t\t\t\t\t<h3>Document d\u2019appui<\/h3>\n\t\t\t\t\t<ul class=\"resources-list\">\n\t\t\t\t\t\t\t\t\t\t\t\t\t<li>\n\t\t\t\t\t\t\t\t\t\t\t\t\t\t\t\t<span class=\"resource-title\">\n\t\t\t\t\t\t\t\t<a class=\"resource-link pdf\" href=\"https:\/\/ens-green-schools-ns-prod-offload-647701102377-ca-central-1.s3.ca-central-1.amazonaws.com\/wp-content\/uploads\/2023\/03\/30185213\/spk_lights_off_monday_fr_2019-01-15.pdf\" target=\"_blank\">\t\t\t\t\t\t\t\t\tCampagne de lumi\u00e8res \u00e9teintes le lundi\t\t\t\t\t\t\t\t<\/a>\t\t\t\t\t\t\t\t<\/span>\n\t\t\t\t\t\t\t<\/li>\n\t\t\t\t\t\t\t\t\t\t\t\t\t<li>\n\t\t\t\t\t\t\t\t\t\t\t\t\t\t\t\t<span class=\"resource-title\">\n\t\t\t\t\t\t\t\t<a class=\"resource-link pdf\" href=\"https:\/\/ens-green-schools-ns-prod-offload-647701102377-ca-central-1.s3.ca-central-1.amazonaws.com\/wp-content\/uploads\/2023\/03\/30185216\/spk_draftsnake_fr.pdf\" target=\"_blank\">\t\t\t\t\t\t\t\t\tSerpents anti-courant d&#8217;air\t\t\t\t\t\t\t\t<\/a>\t\t\t\t\t\t\t\t<\/span>\n\t\t\t\t\t\t\t<\/li>\n\t\t\t\t\t\t\t\t\t\t\t\t\t<li>\n\t\t\t\t\t\t\t\t\t\t\t\t\t\t\t\t<span class=\"resource-title\">\n\t\t\t\t\t\t\t\t<a class=\"resource-link pdf\" href=\"https:\/\/www.greenschoolsns.ca\/wp-content\/uploads\/2023\/04\/spk_naturalplayground_outdoorclassroom_fr.pdf\" target=\"_blank\">\t\t\t\t\t\t\t\t\tTerrains de jeux et classes en plein air\t\t\t\t\t\t\t\t<\/a>\t\t\t\t\t\t\t\t<\/span>\n\t\t\t\t\t\t\t<\/li>\n\t\t\t\t\t\t\t\t\t\t\t<\/ul>\n\t\t\t\t<\/div>\n\t\t\t\t\t\n\t\t\t\t\t\t\t\t\t\t\t\t\t\n\t\t\t\t\t\t\t\t\t\t\t\t\t\t\t<div class=\"resources-type-box\">\n\t\t\t\t\t<h3>Pr\u00e9sentation<\/h3>\n\t\t\t\t\t<ul class=\"resources-list\">\n\t\t\t\t\t\t\t\t\t\t\t\t\t<li>\n\t\t\t\t\t\t\t\t\t\t\t\t\t\t\t\t<span class=\"resource-title\">\n\t\t\t\t\t\t\t\t<a class=\"resource-link pdf\" href=\"https:\/\/ens-green-schools-ns-prod-offload-647701102377-ca-central-1.s3.ca-central-1.amazonaws.com\/wp-content\/uploads\/2023\/04\/30185211\/climate9-12frecnh.pdf\" target=\"_blank\">\t\t\t\t\t\t\t\t\tAper\u00e7u de l&#8217;efficacit\u00e9 \u00e9nerg\u00e9tique\t\t\t\t\t\t\t\t<\/a>\t\t\t\t\t\t\t\t<\/span>\n\t\t\t\t\t\t\t<\/li>\n\t\t\t\t\t\t\t\t\t\t\t\t\t<li>\n\t\t\t\t\t\t\t\t\t\t\t\t\t\t\t\t<span class=\"resource-title\">\n\t\t\t\t\t\t\t\t<a class=\"resource-link pdf\" href=\"https:\/\/www.greenschoolsns.ca\/wp-content\/uploads\/2023\/04\/lifebeforeelectricityfrenchpreview_0.pdf\" target=\"_blank\">\t\t\t\t\t\t\t\t\tAper\u00e7u de la vie avant l&#8217;\u00e9lectricit\u00e9\t\t\t\t\t\t\t\t<\/a>\t\t\t\t\t\t\t\t<\/span>\n\t\t\t\t\t\t\t<\/li>\n\t\t\t\t\t\t\t\t\t\t\t\t\t<li>\n\t\t\t\t\t\t\t\t\t\t\t\t\t\t\t\t<span class=\"resource-title\">\n\t\t\t\t\t\t\t\t<a class=\"resource-link pdf\" href=\"https:\/\/ens-green-schools-ns-prod-offload-647701102377-ca-central-1.s3.ca-central-1.amazonaws.com\/wp-content\/uploads\/2023\/04\/30185210\/needs_vs_wants_french.pdf\" target=\"_blank\">\t\t\t\t\t\t\t\t\tAper\u00e7u des besoins et des souhaits\t\t\t\t\t\t\t\t<\/a>\t\t\t\t\t\t\t\t<\/span>\n\t\t\t\t\t\t\t<\/li>\n\t\t\t\t\t\t\t\t\t\t\t\t\t<li>\n\t\t\t\t\t\t\t\t\t\t\t\t\t\t\t\t<span class=\"resource-title\">\n\t\t\t\t\t\t\t\t<a class=\"resource-link pdf\" href=\"https:\/\/ens-green-schools-ns-prod-offload-647701102377-ca-central-1.s3.ca-central-1.amazonaws.com\/wp-content\/uploads\/2023\/04\/30185211\/habitats_ecological_footprint_french.pdf\" target=\"_blank\">\t\t\t\t\t\t\t\t\tAper\u00e7u des habitats et de notre empreinte \u00e9cologique\t\t\t\t\t\t\t\t<\/a>\t\t\t\t\t\t\t\t<\/span>\n\t\t\t\t\t\t\t<\/li>\n\t\t\t\t\t\t\t\t\t\t\t\t\t<li>\n\t\t\t\t\t\t\t\t\t\t\t\t\t\t\t\t<span class=\"resource-title\">\n\t\t\t\t\t\t\t\t<a class=\"resource-link pdf\" href=\"https:\/\/ens-green-schools-ns-prod-offload-647701102377-ca-central-1.s3.ca-central-1.amazonaws.com\/wp-content\/uploads\/2023\/03\/30185216\/earth_day_french_preview.pdf\" target=\"_blank\">\t\t\t\t\t\t\t\t\tAper\u00e7u du Jour de la Terre\t\t\t\t\t\t\t\t<\/a>\t\t\t\t\t\t\t\t<\/span>\n\t\t\t\t\t\t\t<\/li>\n\t\t\t\t\t\t\t\t\t\t\t\t\t<li>\n\t\t\t\t\t\t\t\t\t\t\t\t\t\t\t\t<span class=\"resource-title\">\n\t\t\t\t\t\t\t\t<a class=\"resource-link pdf\" href=\"https:\/\/ens-green-schools-ns-prod-offload-647701102377-ca-central-1.s3.ca-central-1.amazonaws.com\/wp-content\/uploads\/2023\/04\/30185211\/getting_started_with_energy_french.pdf\" target=\"_blank\">\t\t\t\t\t\t\t\t\tCommen\u00e7ons avec Energy Preview\t\t\t\t\t\t\t\t<\/a>\t\t\t\t\t\t\t\t<\/span>\n\t\t\t\t\t\t\t<\/li>\n\t\t\t\t\t\t\t\t\t\t\t\t\t<li>\n\t\t\t\t\t\t\t\t\t\t\t\t\t\t\t\t<span class=\"resource-title\">\n\t\t\t\t\t\t\t\t<a class=\"resource-link pdf\" href=\"https:\/\/ens-green-schools-ns-prod-offload-647701102377-ca-central-1.s3.ca-central-1.amazonaws.com\/wp-content\/uploads\/2023\/04\/30185210\/usingwaterfrench.pdf\" target=\"_blank\">\t\t\t\t\t\t\t\t\tUtiliser l&#8217;eau de mani\u00e8re responsable Aper\u00e7u\t\t\t\t\t\t\t\t<\/a>\t\t\t\t\t\t\t\t<\/span>\n\t\t\t\t\t\t\t<\/li>\n\t\t\t\t\t\t\t\t\t\t\t<\/ul>\n\t\t\t\t<\/div>\n\t\t\t\t\t\n\t\n\n\t<\/div>\n\n<\/section>\n","protected":false},"excerpt":{"rendered":"<p>Vous ne trouvez pas ce que vous cherchez? Essayez l&#8217;outil de recherche du site.<\/p>\n","protected":false},"featured_media":0,"parent":0,"menu_order":0,"comment_status":"closed","ping_status":"closed","template":"","meta":{"_acf_changed":false,"inline_featured_image":false,"footnotes":""},"class_list":["post-775","page","type-page","status-publish","hentry"],"acf":[],"_links":{"self":[{"href":"https:\/\/www.greenschoolsns.ca\/fr\/wp-json\/wp\/v2\/pages\/775","targetHints":{"allow":["GET"]}}],"collection":[{"href":"https:\/\/www.greenschoolsns.ca\/fr\/wp-json\/wp\/v2\/pages"}],"about":[{"href":"https:\/\/www.greenschoolsns.ca\/fr\/wp-json\/wp\/v2\/types\/page"}],"author":[{"embeddable":true,"href":"https:\/\/www.greenschoolsns.ca\/fr\/wp-json\/wp\/v2\/users\/10"}],"replies":[{"embeddable":true,"href":"https:\/\/www.greenschoolsns.ca\/fr\/wp-json\/wp\/v2\/comments?post=775"}],"version-history":[{"count":4,"href":"https:\/\/www.greenschoolsns.ca\/fr\/wp-json\/wp\/v2\/pages\/775\/revisions"}],"predecessor-version":[{"id":795,"href":"https:\/\/www.greenschoolsns.ca\/fr\/wp-json\/wp\/v2\/pages\/775\/revisions\/795"}],"wp:attachment":[{"href":"https:\/\/www.greenschoolsns.ca\/fr\/wp-json\/wp\/v2\/media?parent=775"}],"curies":[{"name":"wp","href":"https:\/\/api.w.org\/{rel}","templated":true}]}}